{"id":9345,"date":"2021-12-23T13:30:06","date_gmt":"2021-12-23T10:30:06","guid":{"rendered":"https:\/\/pdr.avrasya.edu.tr\/?page_id=9345"},"modified":"2021-12-23T13:36:03","modified_gmt":"2021-12-23T10:36:03","slug":"bireysel-gorusme","status":"publish","type":"page","link":"https:\/\/pdr.avrasya.edu.tr\/?page_id=9345","title":{"rendered":"Bireysel G\u00f6r\u00fc\u015fme"},"content":{"rendered":"","protected":false},"excerpt":{"rendered":"","protected":false},"author":1,"featured_media":0,"parent":0,"menu_order":0,"comment_status":"closed","ping_status":"closed","template":"","meta":{"footnotes":""},"class_list":["post-9345","page","type-page","status-publish","hentry"],"_links":{"self":[{"href":"https:\/\/pdr.avrasya.edu.tr\/index.php?rest_route=\/wp\/v2\/pages\/9345","targetHints":{"allow":["GET"]}}],"collection":[{"href":"https:\/\/pdr.avrasya.edu.tr\/index.php?rest_route=\/wp\/v2\/pages"}],"about":[{"href":"https:\/\/pdr.avrasya.edu.tr\/index.php?rest_route=\/wp\/v2\/types\/page"}],"author":[{"embeddable":true,"href":"https:\/\/pdr.avrasya.edu.tr\/index.php?rest_route=\/wp\/v2\/users\/1"}],"replies":[{"embeddable":true,"href":"https:\/\/pdr.avrasya.edu.tr\/index.php?rest_route=%2Fwp%2Fv2%2Fcomments&post=9345"}],"version-history":[{"count":3,"href":"https:\/\/pdr.avrasya.edu.tr\/index.php?rest_route=\/wp\/v2\/pages\/9345\/revisions"}],"predecessor-version":[{"id":9359,"href":"https:\/\/pdr.avrasya.edu.tr\/index.php?rest_route=\/wp\/v2\/pages\/9345\/revisions\/9359"}],"wp:attachment":[{"href":"https:\/\/pdr.avrasya.edu.tr\/index.php?rest_route=%2Fwp%2Fv2%2Fmedia&parent=9345"}],"curies":[{"name":"wp","href":"https:\/\/api.w.org\/{rel}","templated":true}]}}