{"id":9372,"date":"2021-12-24T08:12:30","date_gmt":"2021-12-24T05:12:30","guid":{"rendered":"https:\/\/pdr.avrasya.edu.tr\/?page_id=9372"},"modified":"2022-11-01T14:51:09","modified_gmt":"2022-11-01T11:51:09","slug":"bize-ulasin","status":"publish","type":"page","link":"https:\/\/pdr.avrasya.edu.tr\/?page_id=9372","title":{"rendered":"Bize Ula\u015f\u0131n"},"content":{"rendered":"\n<p>Bireysel g\u00f6r\u00fc\u015fme randevu talebiniz i\u00e7in a\u015fa\u011f\u0131daki bilgileri eksiksiz \u015fekilde doldurup g\u00f6nderiniz. Bilgileriniz gizlilik ilkesi gere\u011fi korunacakt\u0131r.\u00a0Talep formunuz bize ula\u015ft\u0131\u011f\u0131nda en k\u0131sa s\u00fcrede sizinle irtibata ge\u00e7ilerek randevunuz planlan\u0131r.<\/p>\n","protected":false},"excerpt":{"rendered":"<p>Bireysel g\u00f6r\u00fc\u015fme randevu talebiniz i\u00e7in a\u015fa\u011f\u0131daki bilgileri eksiksiz \u015fekilde doldurup g\u00f6nderiniz. Bilgileriniz gizlilik ilkesi gere\u011fi korunacakt\u0131r.\u00a0Talep formunuz bize ula\u015ft\u0131\u011f\u0131nda en k\u0131sa s\u00fcrede sizinle irtibata ge\u00e7ilerek randevunuz planlan\u0131r.<\/p>\n","protected":false},"author":1,"featured_media":0,"parent":0,"menu_order":0,"comment_status":"closed","ping_status":"closed","template":"","meta":{"footnotes":""},"class_list":["post-9372","page","type-page","status-publish","hentry"],"_links":{"self":[{"href":"https:\/\/pdr.avrasya.edu.tr\/index.php?rest_route=\/wp\/v2\/pages\/9372","targetHints":{"allow":["GET"]}}],"collection":[{"href":"https:\/\/pdr.avrasya.edu.tr\/index.php?rest_route=\/wp\/v2\/pages"}],"about":[{"href":"https:\/\/pdr.avrasya.edu.tr\/index.php?rest_route=\/wp\/v2\/types\/page"}],"author":[{"embeddable":true,"href":"https:\/\/pdr.avrasya.edu.tr\/index.php?rest_route=\/wp\/v2\/users\/1"}],"replies":[{"embeddable":true,"href":"https:\/\/pdr.avrasya.edu.tr\/index.php?rest_route=%2Fwp%2Fv2%2Fcomments&post=9372"}],"version-history":[{"count":4,"href":"https:\/\/pdr.avrasya.edu.tr\/index.php?rest_route=\/wp\/v2\/pages\/9372\/revisions"}],"predecessor-version":[{"id":9440,"href":"https:\/\/pdr.avrasya.edu.tr\/index.php?rest_route=\/wp\/v2\/pages\/9372\/revisions\/9440"}],"wp:attachment":[{"href":"https:\/\/pdr.avrasya.edu.tr\/index.php?rest_route=%2Fwp%2Fv2%2Fmedia&parent=9372"}],"curies":[{"name":"wp","href":"https:\/\/api.w.org\/{rel}","templated":true}]}}